{"id":802,"date":"2025-03-09T09:00:33","date_gmt":"2025-03-09T09:00:33","guid":{"rendered":"https:\/\/info.engineering-maps.com\/?page_id=802"},"modified":"2025-03-14T21:43:01","modified_gmt":"2025-03-14T21:43:01","slug":"guide","status":"publish","type":"page","link":"https:\/\/info.engineering-maps.com\/de\/guide\/","title":{"rendered":"Anleitung"},"content":{"rendered":"<div data-elementor-type=\"wp-page\" data-elementor-id=\"802\" class=\"elementor elementor-802\" data-elementor-post-type=\"page\">\n\t\t\t\t<div class=\"elementor-element elementor-element-c6d48a6 e-con-full e-flex e-con e-parent\" data-id=\"c6d48a6\" data-element_type=\"container\">\n\t\t<div class=\"elementor-element elementor-element-a041fce e-con-full e-flex e-con e-child\" data-id=\"a041fce\" data-element_type=\"container\">\n\t\t\t\t<div class=\"elementor-element elementor-element-0f652a1 elementor-widget elementor-widget-text-editor\" data-id=\"0f652a1\" data-element_type=\"widget\" data-widget_type=\"text-editor.default\">\n\t\t\t\t<div class=\"elementor-widget-container\">\n\t\t\t\t\t\t\t\t\t<h4>\u00a0<\/h4><p class=\"p1\"><span class=\"s1\"><b>Anleitung<\/b><\/span><\/p>\t\t\t\t\t\t\t\t<\/div>\n\t\t\t\t<\/div>\n\t\t\t\t<\/div>\n\t\t<div class=\"elementor-element elementor-element-01edbd4 e-con-full e-flex e-con e-child\" data-id=\"01edbd4\" data-element_type=\"container\">\n\t\t\t\t<div class=\"elementor-element elementor-element-3ddf70c elementor-widget elementor-widget-text-editor\" data-id=\"3ddf70c\" data-element_type=\"widget\" data-widget_type=\"text-editor.default\">\n\t\t\t\t<div class=\"elementor-widget-container\">\n\t\t\t\t\t\t\t\t\t<p class=\"p1\"><span class=\"s1\"><b>Einige einfache Tipps zur Benutzung von Engineering Maps:<\/b><\/span><\/p>\t\t\t\t\t\t\t\t<\/div>\n\t\t\t\t<\/div>\n\t\t\t\t<\/div>\n\t\t\t\t<\/div>\n\t\t<div class=\"elementor-element elementor-element-06bf7fc e-con-full e-flex e-con e-parent\" data-id=\"06bf7fc\" data-element_type=\"container\">\n\t\t\t\t<div class=\"elementor-element elementor-element-f94f791 elementor-widget elementor-widget-image\" data-id=\"f94f791\" data-element_type=\"widget\" data-widget_type=\"image.default\">\n\t\t\t\t<div class=\"elementor-widget-container\">\n\t\t\t\t\t\t\t\t\t\t\t\t\t\t\t<img fetchpriority=\"high\" decoding=\"async\" width=\"1024\" height=\"644\" src=\"https:\/\/info.engineering-maps.com\/wp-content\/uploads\/2025\/03\/10.jpg\" class=\"attachment-large size-large wp-image-897\" alt=\"\" \/>\t\t\t\t\t\t\t\t\t\t\t\t\t\t\t<\/div>\n\t\t\t\t<\/div>\n\t\t\t\t<\/div>\n\t\t<div class=\"elementor-element elementor-element-04f68db e-con-full e-flex e-con e-parent\" data-id=\"04f68db\" data-element_type=\"container\">\n\t\t\t\t<div class=\"elementor-element elementor-element-ec1c2d1 elementor-widget elementor-widget-text-editor\" data-id=\"ec1c2d1\" data-element_type=\"widget\" data-widget_type=\"text-editor.default\">\n\t\t\t\t<div class=\"elementor-widget-container\">\n\t\t\t\t\t\t\t\t\t<p><span class=\"s1\"><b>1. Zoomen Sie rein, bis die roten Markierungen zu sehen sind. Jede Markierung stellt einen Firmen-Standort dar.<\/b><\/span><\/p>\t\t\t\t\t\t\t\t<\/div>\n\t\t\t\t<\/div>\n\t\t\t\t<\/div>\n\t\t<div class=\"elementor-element elementor-element-469d9b9 e-con-full e-flex e-con e-parent\" data-id=\"469d9b9\" data-element_type=\"container\">\n\t\t\t\t<div class=\"elementor-element elementor-element-cac84dd elementor-widget elementor-widget-image\" data-id=\"cac84dd\" data-element_type=\"widget\" data-widget_type=\"image.default\">\n\t\t\t\t<div class=\"elementor-widget-container\">\n\t\t\t\t\t\t\t\t\t\t\t\t\t\t\t<img decoding=\"async\" width=\"848\" height=\"642\" src=\"https:\/\/info.engineering-maps.com\/wp-content\/uploads\/2025\/03\/11.jpg\" class=\"attachment-large size-large wp-image-898\" alt=\"\" \/>\t\t\t\t\t\t\t\t\t\t\t\t\t\t\t<\/div>\n\t\t\t\t<\/div>\n\t\t\t\t<\/div>\n\t\t<div class=\"elementor-element elementor-element-63e9201 e-con-full e-flex e-con e-parent\" data-id=\"63e9201\" data-element_type=\"container\">\n\t\t\t\t<div class=\"elementor-element elementor-element-f3b3e45 elementor-widget elementor-widget-text-editor\" data-id=\"f3b3e45\" data-element_type=\"widget\" data-widget_type=\"text-editor.default\">\n\t\t\t\t<div class=\"elementor-widget-container\">\n\t\t\t\t\t\t\t\t\t<p><strong>2. Klicken Sie auf eine Standort-Markierung: Ein Pop-Up mit dem Firmennamen und Logo \u00f6ffnet sich.<\/strong><\/p>\t\t\t\t\t\t\t\t<\/div>\n\t\t\t\t<\/div>\n\t\t\t\t<div class=\"elementor-element elementor-element-d3f5ae4 elementor-widget elementor-widget-image\" data-id=\"d3f5ae4\" data-element_type=\"widget\" data-widget_type=\"image.default\">\n\t\t\t\t<div class=\"elementor-widget-container\">\n\t\t\t\t\t\t\t\t\t\t\t\t\t\t\t<img decoding=\"async\" width=\"807\" height=\"632\" src=\"https:\/\/info.engineering-maps.com\/wp-content\/uploads\/2025\/03\/12.jpg\" class=\"attachment-large size-large wp-image-899\" alt=\"\" \/>\t\t\t\t\t\t\t\t\t\t\t\t\t\t\t<\/div>\n\t\t\t\t<\/div>\n\t\t\t\t<\/div>\n\t\t<div class=\"elementor-element elementor-element-e982fcc e-con-full e-flex e-con e-parent\" data-id=\"e982fcc\" data-element_type=\"container\">\n\t\t\t\t<div class=\"elementor-element elementor-element-99111b0 elementor-widget elementor-widget-text-editor\" data-id=\"99111b0\" data-element_type=\"widget\" data-widget_type=\"text-editor.default\">\n\t\t\t\t<div class=\"elementor-widget-container\">\n\t\t\t\t\t\t\t\t\t<p><span class=\"s1\"><b>3. Klicken Sie auf das Pop-Up: Es \u00f6ffnet sich ein Fenster mit allen Informationen zur Firma.<\/b><\/span><\/p>\t\t\t\t\t\t\t\t<\/div>\n\t\t\t\t<\/div>\n\t\t\t\t<div class=\"elementor-element elementor-element-fc9b61d elementor-widget elementor-widget-image\" data-id=\"fc9b61d\" data-element_type=\"widget\" data-widget_type=\"image.default\">\n\t\t\t\t<div class=\"elementor-widget-container\">\n\t\t\t\t\t\t\t\t\t\t\t\t\t\t\t<img loading=\"lazy\" decoding=\"async\" width=\"300\" height=\"270\" src=\"https:\/\/info.engineering-maps.com\/wp-content\/uploads\/2025\/03\/Screenshot-2023-10-16-115028-4.jpg\" class=\"attachment-medium size-medium wp-image-807\" alt=\"\" \/>\t\t\t\t\t\t\t\t\t\t\t\t\t\t\t<\/div>\n\t\t\t\t<\/div>\n\t\t\t\t<\/div>\n\t\t<div class=\"elementor-element elementor-element-4e1f5e1 e-con-full e-flex e-con e-parent\" data-id=\"4e1f5e1\" data-element_type=\"container\">\n\t\t\t\t<div class=\"elementor-element elementor-element-18dccd2 elementor-widget elementor-widget-text-editor\" data-id=\"18dccd2\" data-element_type=\"widget\" data-widget_type=\"text-editor.default\">\n\t\t\t\t<div class=\"elementor-widget-container\">\n\t\t\t\t\t\t\t\t\t<p><span class=\"s1\"><b>4. Zum Filtern aller Standorte, klicken Sie auf 'Firmen filtern'. Dort k\u00f6nnen Sie nach Branche, Gr\u00f6\u00dfe des Unternehmens und T\u00e4tigkeitsbereichen filtern. Au\u00dferdem k\u00f6nnen Sie ausw\u00e4hlen, ob nur Standorte mit aktiven Stellenangeboten angezeigt werden sollen.<\/b><\/span><\/p>\t\t\t\t\t\t\t\t<\/div>\n\t\t\t\t<\/div>\n\t\t\t\t<\/div>\n\t\t<div class=\"elementor-element elementor-element-d455d77 e-con-full e-flex e-con e-parent\" data-id=\"d455d77\" data-element_type=\"container\">\n\t\t\t\t<div class=\"elementor-element elementor-element-d4af2ef elementor-widget elementor-widget-image\" data-id=\"d4af2ef\" data-element_type=\"widget\" data-widget_type=\"image.default\">\n\t\t\t\t<div class=\"elementor-widget-container\">\n\t\t\t\t\t\t\t\t\t\t\t\t\t\t\t<img loading=\"lazy\" decoding=\"async\" width=\"288\" height=\"121\" src=\"https:\/\/info.engineering-maps.com\/wp-content\/uploads\/2025\/03\/Screenshot-2023-10-16-130108_EN-1.png\" class=\"attachment-medium_large size-medium_large wp-image-808\" alt=\"\" \/>\t\t\t\t\t\t\t\t\t\t\t\t\t\t\t<\/div>\n\t\t\t\t<\/div>\n\t\t\t\t<\/div>\n\t\t<div class=\"elementor-element elementor-element-b4c90c9 e-con-full e-flex e-con e-parent\" data-id=\"b4c90c9\" data-element_type=\"container\">\n\t\t\t\t<div class=\"elementor-element elementor-element-44580b0 elementor-widget elementor-widget-text-editor\" data-id=\"44580b0\" data-element_type=\"widget\" data-widget_type=\"text-editor.default\">\n\t\t\t\t<div class=\"elementor-widget-container\">\n\t\t\t\t\t\t\t\t\t<p><span class=\"s1\"><b>5. Wenn Sie Ihre Firma hinzuf\u00fcgen wollen, klicken Sie auf 'Firma hinzuf\u00fcgen!'.<\/b><\/span><\/p>\t\t\t\t\t\t\t\t<\/div>\n\t\t\t\t<\/div>\n\t\t\t\t<\/div>\n\t\t<div class=\"elementor-element elementor-element-8adca97 e-con-full e-flex e-con e-parent\" data-id=\"8adca97\" data-element_type=\"container\">\n\t\t\t\t<div class=\"elementor-element elementor-element-1143e5f elementor-widget elementor-widget-image\" data-id=\"1143e5f\" data-element_type=\"widget\" data-widget_type=\"image.default\">\n\t\t\t\t<div class=\"elementor-widget-container\">\n\t\t\t\t\t\t\t\t\t\t\t\t\t\t\t<img loading=\"lazy\" decoding=\"async\" width=\"286\" height=\"117\" src=\"https:\/\/info.engineering-maps.com\/wp-content\/uploads\/2025\/03\/Screenshot-2023-10-16-130108_EN-2.png\" class=\"attachment-medium_large size-medium_large wp-image-809\" alt=\"\" \/>\t\t\t\t\t\t\t\t\t\t\t\t\t\t\t<\/div>\n\t\t\t\t<\/div>\n\t\t\t\t<\/div>\n\t\t\t\t<\/div>","protected":false},"excerpt":{"rendered":"<p>\u00a0 Guide A few simple steps to using Engineering Maps: 1. Zoom in until the red markers are visible. Each marker represents a company-location. 2. Click on a location-marker: A pop-up opens, showing the company name and logo 3. Click on the pop-up: A window opens, showing all information regarding that company-location. 4. To filter [&hellip;]<\/p>","protected":false},"author":1,"featured_media":0,"parent":0,"menu_order":0,"comment_status":"closed","ping_status":"closed","template":"","meta":{"site-sidebar-layout":"no-sidebar","site-content-layout":"page-builder","ast-site-content-layout":"full-width-container","site-content-style":"default","site-sidebar-style":"default","ast-global-header-display":"","ast-banner-title-visibility":"","ast-main-header-display":"","ast-hfb-above-header-display":"","ast-hfb-below-header-display":"","ast-hfb-mobile-header-display":"","site-post-title":"disabled","ast-breadcrumbs-content":"","ast-featured-img":"disabled","footer-sml-layout":"","theme-transparent-header-meta":"","adv-header-id-meta":"","stick-header-meta":"","header-above-stick-meta":"","header-main-stick-meta":"","header-below-stick-meta":"","astra-migrate-meta-layouts":"set","ast-page-background-enabled":"default","ast-page-background-meta":{"desktop":{"background-color":"","background-image":"","background-repeat":"repeat","background-position":"center center","background-size":"auto","background-attachment":"scroll","background-type":"","background-media":"","overlay-type":"","overlay-color":"","overlay-opacity":"","overlay-gradient":""},"tablet":{"background-color":"","background-image":"","background-repeat":"repeat","background-position":"center center","background-size":"auto","background-attachment":"scroll","background-type":"","background-media":"","overlay-type":"","overlay-color":"","overlay-opacity":"","overlay-gradient":""},"mobile":{"background-color":"","background-image":"","background-repeat":"repeat","background-position":"center center","background-size":"auto","background-attachment":"scroll","background-type":"","background-media":"","overlay-type":"","overlay-color":"","overlay-opacity":"","overlay-gradient":""}},"ast-content-background-meta":{"desktop":{"background-color":"var(--ast-global-color-5)","background-image":"","background-repeat":"repeat","background-position":"center center","background-size":"auto","background-attachment":"scroll","background-type":"","background-media":"","overlay-type":"","overlay-color":"","overlay-opacity":"","overlay-gradient":""},"tablet":{"background-color":"var(--ast-global-color-5)","background-image":"","background-repeat":"repeat","background-position":"center center","background-size":"auto","background-attachment":"scroll","background-type":"","background-media":"","overlay-type":"","overlay-color":"","overlay-opacity":"","overlay-gradient":""},"mobile":{"background-color":"var(--ast-global-color-5)","background-image":"","background-repeat":"repeat","background-position":"center center","background-size":"auto","background-attachment":"scroll","background-type":"","background-media":"","overlay-type":"","overlay-color":"","overlay-opacity":"","overlay-gradient":""}},"footnotes":""},"class_list":["post-802","page","type-page","status-publish","hentry"],"_links":{"self":[{"href":"https:\/\/info.engineering-maps.com\/de\/wp-json\/wp\/v2\/pages\/802","targetHints":{"allow":["GET"]}}],"collection":[{"href":"https:\/\/info.engineering-maps.com\/de\/wp-json\/wp\/v2\/pages"}],"about":[{"href":"https:\/\/info.engineering-maps.com\/de\/wp-json\/wp\/v2\/types\/page"}],"author":[{"embeddable":true,"href":"https:\/\/info.engineering-maps.com\/de\/wp-json\/wp\/v2\/users\/1"}],"replies":[{"embeddable":true,"href":"https:\/\/info.engineering-maps.com\/de\/wp-json\/wp\/v2\/comments?post=802"}],"version-history":[{"count":125,"href":"https:\/\/info.engineering-maps.com\/de\/wp-json\/wp\/v2\/pages\/802\/revisions"}],"predecessor-version":[{"id":1442,"href":"https:\/\/info.engineering-maps.com\/de\/wp-json\/wp\/v2\/pages\/802\/revisions\/1442"}],"wp:attachment":[{"href":"https:\/\/info.engineering-maps.com\/de\/wp-json\/wp\/v2\/media?parent=802"}],"curies":[{"name":"wp","href":"https:\/\/api.w.org\/{rel}","templated":true}]}}