{"id":815,"date":"2025-03-09T09:29:40","date_gmt":"2025-03-09T09:29:40","guid":{"rendered":"https:\/\/info.engineering-maps.com\/?page_id=815"},"modified":"2025-03-14T20:24:36","modified_gmt":"2025-03-14T20:24:36","slug":"termsconditions","status":"publish","type":"page","link":"https:\/\/info.engineering-maps.com\/de\/termsconditions\/","title":{"rendered":"Terms&#038;Conditions"},"content":{"rendered":"<div data-elementor-type=\"wp-page\" data-elementor-id=\"815\" class=\"elementor elementor-815\" data-elementor-post-type=\"page\">\n\t\t\t\t<div class=\"elementor-element elementor-element-5870ea3 e-con-full e-flex e-con e-parent\" data-id=\"5870ea3\" data-element_type=\"container\">\n\t\t\t\t<div class=\"elementor-element elementor-element-0d7ed05 elementor-widget__width-inherit elementor-widget elementor-widget-text-editor\" data-id=\"0d7ed05\" data-element_type=\"widget\" data-widget_type=\"text-editor.default\">\n\t\t\t\t<div class=\"elementor-widget-container\">\n\t\t\t\t\t\t\t\t\t<div>\u00a0<\/div><div class=\"html\"><br \/><p class=\"p1 translation-block\"><b> Kontakt <\/b><br>Engineering Maps UG (haftungsbeschr\u00e4nkt)<br>Reichenberger Str. 158, 10999 Berlin<br>E-Mail: info@engineering-maps.com<\/p><p class=\"p1\"><b>Spezielle Bestimmungen fu\u0308r die Benuutzung der Webapplikation von Engineering Maps UG (haftungsbeschr\u00e4nkt)<br \/><\/b>Die vorliegenden speziellen Bestimmungen gelten fu\u0308r die von Engineering Maps UG (haftungsbeschr\u00e4nkt) herausgegebene Engineering Maps - App (nachstehend \u201eApp\u201c genannt) und das Engineering Maps - Webportal (nachstehend \u201ePortal\u201c genannt). Mit Besta\u0308tigung der Nutzungsbedingungen vor Gebrauch der App und des Portals oder bei der erstmaligen Nutzung der App oder des Portals im Allgemeinen, sind Sie (User) per sofort mit den Bestimmungen einverstanden. Falls Sie mit den allgemeinen Nutzungsbedingungen nicht einverstanden sind, sollten Sie die App oder das Portal nicht benu\u0308tzen.<\/p><p class=\"p1 translation-block\"><b>Rechtliche Informationen <br><\/b>Mit dem Zugriff auf die mit der App oder dem Portal zuga\u0308nglich gemachten Informationen, Dienstleistungen, Wettbewerben und mit der Nutzung der Inhalte und Funktionen (nachfolgend \u201eInformationen und Funktionen\u201c genannt) erkla\u0308rt sich der User mit den folgenden speziellen Bestimmungen ausdru\u0308cklich einverstanden. Andernfalls unterla\u0308sst der User die Verwendung der App oder des Portals und den Zugriff auf die Informationen und Funktionen. Engineering Maps UG (haftungsbeschr\u00e4nkt) beha\u0308lt sich vor, die vorliegenden Speziellen Bestimmungen (insbesondere auch die darin allfa\u0308llig enthaltenen Sicherheitshinweise und Sorgfaltspflichten) jederzeit abzua\u0308ndern. Die gea\u0308nderten Speziellen Bestimmungen werden dem User auf geeignete Weise, insbesondere in elektronischer Form (Internet, App), mitgeteilt.<\/p><p class=\"p1 translation-block\"><b>Dienstleistungsumfang und Beschra\u0308nkungen\n <br><\/b> Die App und das Portal erm\u00f6glichen dem Nutzer den Zugriff auf bestimmte von der Engineering Maps UG (haftungsbeschr\u00e4nkt) bereitgestellte Informationen und Funktionen. Die Engineering Maps UG (haftungsbeschr\u00e4nkt) kann die in der App bzw. dem Portal verf\u00fcgbaren Informationen und Funktionen jederzeit ohne Vorank\u00fcndigung erweitern, einschr\u00e4nken oder den Betrieb der App bzw. des Portals vollst\u00e4ndig einstellen.<\/p><p class=\"p2\"><b>Tats\u00e4chliche Verh\u00e4ltnisse; Risiko\u00fcbernahme<\/b><\/p><p class=\"p2\">Bei der Nutzung von Karten- oder Verkehrsdaten, Wegbeschreibungen oder sonstigen Inhalten von Engineering Maps oder dem Kartendienst Openstreetmap besteht die M\u00f6glichkeit, dass die Ergebnisse der Kartensuche oder die Inhalte von den tats\u00e4chlichen Gegebenheiten abweichen. Handeln Sie daher nach eigenem Ermessen. Die Nutzung von Engineering Maps oder dem Kartendienst Openstreetmap erfolgt auf eigene Gefahr. Sie sind jederzeit f\u00fcr Ihr eigenes Verhalten und dessen Folgen verantwortlich.<\/p><p class=\"p2\"><b>Rechtsstellung von Engineering Maps UG (haftungsbeschr\u00e4nkt)<\/b><\/p><p class=\"p2\">Engineering Maps UG (haftungsbeschr\u00e4nkt) ist nicht Vertragspartei von Vertr\u00e4gen, die zwischen den Nutzern und Firmen auf dem Portal geschlossen werden. Engineering Maps UG (haftungsbeschr\u00e4nkt), seine Vertreter, Mitarbeiter und<\/p><p class=\"p2\">Hilfspersonen sind in keiner Weise verantwortlich f\u00fcr die mit der Anbahnung und dem Abschluss von Gesch\u00e4ften verbundenen Risiken und haften in keiner Weise f\u00fcr etwaige, dadurch entstehende Sch\u00e4den. Engineering Maps UG (haftungsbeschr\u00e4nkt) ist nicht verpflichtet, das Verhalten seiner Nutzer oder gelisteter Firmen im Zusammenhang mit der Nutzung des Portals zu kontrollieren. Insbesondere ist Engineering Maps UG (haftungsbeschr\u00e4nkt) zwar berechtigt, aber nicht verpflichtet, die auf dem Portal von seinen Nutzern bzw. Firmen<\/p><p class=\"p2\">ver\u00f6ffentlichten Angebote, Texte und bildlichen Darstellungen auf ihre Rechtm\u00e4ssigkeit oder sonstige Zul\u00e4ssigkeit in irgendeiner Weise zu \u00fcberpr\u00fcfen.<\/p><p class=\"p1 translation-block\"><b>Haftungsausschluss von Garantien\n <br><\/b>Engineering Maps UG (haftungsbeschr\u00e4nkt) garantiert nicht, dass die Dienstleistungen nicht unterbrochen werden oder fehlerlos sind, dass Fehler behoben werden oder dass die verfu\u0308gbare Website &amp; Server frei von Viren und anderen scha\u0308dlichen Elementen ist. Der Benutzer nutzt diese App und das Portal auf eigenes Risiko.<\/p><p class=\"p1\">Der User ist sich bewusst, dass der Zugriff auf die App oder das Portal u\u0308ber das Internet erfolgt. Engineering Maps UG (haftungsbeschr\u00e4nkt) u\u0308bernimmt keine Verantwortung und gibt keine Garantie dafu\u0308r ab, dass die Funktionen der App und das Portal nicht unterbrochen werden oder fehlerfrei sind, dass der Zugriff auf die App oder das Portal jederzeit mo\u0308glich ist oder dass die App oder der jeweilige Server frei von Viren oder scha\u0308dlichen Bestandteilen sind<\/p><p class=\"p1 translation-block\"><b>Haftung des Users <br><\/b>Der User haftet fu\u0308r sa\u0308mtliche Folgen, die sich aus dem allfa\u0308lligen unbefugten Abfangen von Daten durch Dritte ergeben.<\/p><p class=\"p1 translation-block\"><b>Links zu anderen Websites<br><\/b>Die App kann Verlinkungen auf Engineering Maps oder externe Links enthalten. Die mit der App \u00abverlinkten\u00bb externen Informationen sind dem Einfluss von Engineering Maps UG (haftungsbeschr\u00e4nkt) vollsta\u0308ndig entzogen, weshalb Engineering Maps UG (haftungsbeschr\u00e4nkt) fu\u0308r die Richtigkeit, Vollsta\u0308ndigkeit und Rechtma\u0308ssigkeit des Inhalts sowie fu\u0308r allfa\u0308llige darauf enthaltene Angebote und (Dienst-) Leistungen keinerlei Verantwortung u\u0308bernimmt. Das Herstellen von Verbindungen zu diesen Informationen erfolgt auf eigenes Risiko.<\/p><p class=\"p1 translation-block\"><b>Kosten <br><\/b>Das Herunterladen der App und die Nutzung des Portals ist kostenlos. Auch stellt Engineering Maps UG (haftungsbeschr\u00e4nkt) die u\u0308ber die App und das Portal zuga\u0308nglichen Informationen und Funktionen kostenlos zur Verfu\u0308gung. Kostenpflichtige Angebote wie zus\u00e4tzliche Stellenangebote von Firmen, werden klar als solche ausgewiesen. Der User nimmt zur Kenntnis, dass durch die Nutzung der App Kosten fu\u0308r den Download von Daten entstehen ko\u0308nnen. Der User kla\u0308rt diese Frage gegebenenfalls mit seinem Mobilfunkanbieter.<\/p><p class=\"p2\"><b>Kostenpflichtige Dienste<\/b><\/p><p class=\"p2\">Engineering Maps UG (haftungsbeschr\u00e4nkt) bietet auf der Website Engineering Maps kostenpflichtige Dienstleistungen (nachfolgend \"kostenpflichtige Dienstleistungen\") an. Dazu geh\u00f6ren das Schalten von zus\u00e4tzliche Stellenangeboten. Die H\u00f6he der Geb\u00fchr f\u00fcr die kostenpflichtigen Dienstleistungen (nachfolgend \"Geb\u00fchr\"), die Zahlungsmodalit\u00e4ten sowie der Umfang und die Dauer der kostenpflichtigen Dienstleistungen werden in der App und auf der Website aufgef\u00fchrt und sind integrierter Bestandteil des Vertrags zwischen Engineering Maps UG (haftungsbeschr\u00e4nkt) und dem Nutzer. Relevant sind die zum Zeitpunkt des Vertragsschlusses resp. der Vertragsverl\u00e4ngerung auf der App beziehungsweise in der Website publizierten Angaben.<\/p><p class=\"p2\">Die Verg\u00fctung wird mit der Bestellung des Nutzers f\u00e4llig und ist vom Kunden unverz\u00fcglich zu zahlen, sofern auf der Website nichts anderes angegeben ist. Der Nutzer ger\u00e4t ohne weitere Mahnung seitens Engineering Maps UG (haftungsbeschr\u00e4nkt) in Verzug.<\/p><p class=\"p1\">Die G\u00fcltigkeit kostenpflichtiger Leistungen, die vom Nutzer im Zusammenhang mit einem bestimmten Nutzungsinhalt erworben werden, erlischt mit der L\u00f6schung dieses Nutzungsinhalts. R\u00fcckerstattungen von Entgelten sind in jedem Fall ausgeschlossen.<\/p><p class=\"p1\">Engineering Maps UG (haftungsbeschr\u00e4nkt) haftet nicht bei technischen St\u00f6rungen, Darstellungs- und Anzeigefehlern.<\/p><p class=\"p1 translation-block\"><b>Datensicherheit bei Datenu\u0308bertragung \/ Datenschutz\n<br><\/b>Bei der Verwendung der App oder des Portals werden Daten u\u0308ber ein offenes, jedermann zuga\u0308ngliches Netz transportiert. Daten ko\u0308nnen demnach grenzu\u0308berschreitend u\u0308bermittelt werden, egal, wo sich der User befindet.<\/p><p class=\"p1\">Der User nimmt zur Kenntnis, dass aufgrund der offenen Konfiguration des Internets oder allfa\u0308lliger anderer Kommunikationswege trotz aller Sicherheitsmassnahmen seitens Engineering Maps UG (haftungsbeschr\u00e4nkt) die Mo\u0308glichkeit besteht, dass sich Dritte im In- und Ausland unbefugten Zugang in die Kommunikation des Users mit dem Informatiksystem von Engineering Maps UG (haftungsbeschr\u00e4nkt) verschaffen ko\u0308nnen. Um dieses Risiko auf ein Minimum zu reduzieren, nutzt der User alle zur Verfu\u0308gung stehenden Mo\u0308glichkeiten, um die von ihm benutzten mobilen Endgera\u0308te zu schu\u0308tzen, namentlich durch die Aktualisierung der verwendeten Betriebssysteme.<span class=\"Apple-converted-space\">\u00a0 <\/span><\/p><p class=\"p1\">Durch die Nutzung der App ko\u0308nnen Apple Inc. bzw. iTunes S.a.r.l. und\/oder Google Inc. sowie andere Hersteller von mobilen Endgera\u0308ten oder Netzbetreiber in Besitz gewisser Personendaten kommen, welche von diesen Dritten eingesehen und gegebenenfalls weiter bearbeitet werden ko\u0308nnen.<\/p><p class=\"p1\">Die Einsichtnahme in die rechtlichen Informationen dieser unterschiedlichen Dritten (z.B. Apple Inc. und Google Inc.), insbesondere in die jeweils gu\u0308ltigen Datenschutzbestimmungen, wird dem User empfohlen.<span class=\"Apple-converted-space\">\u00a0<\/span><\/p><p class=\"p1 translation-block\"><b>Benutzername, Passwort\n <br><\/b>Wenn Sie sich als User beim Dienst registrieren, mu\u0308ssen Sie einen Benutzernamen, Vornamen und Nachnamen und ein Passwort fu\u0308r den Zugriff erstellen. Bei der Benutzung solcher Login-Prozeduren sind Sie einverstanden, dass Engineering Maps UG (haftungsbeschr\u00e4nkt) die perso\u0308nlichen Daten sammelt. Engineering Maps UG (haftungsbeschr\u00e4nkt) kann jederzeit weitere Legitimationsmittel einfu\u0308hren oder bestehende Legitimationsmittel zuru\u0308ckziehen.<\/p><p class=\"p1\">1. Die personenbezogenen Daten der Nutzer werden von der Engineering Maps UG (haftungsbeschr\u00e4nkt) unter Beachtung der datenschutzrechtlichen Bestimmungen verwendet und erhoben. Zu den personenbezogenen Daten geh\u00f6ren Benutzername, Vorname, Nachname und E-Mail-Adresse, das Registrierungsdatum, Geschlecht und die verwendete IP-Adresse sowie die Tatsache der Teilnahme.<\/p><p class=\"p1\">2. Die personenbezogenen Daten des Nutzers werden im Rahmen der Marketingaktivit\u00e4ten der Engineering Maps UG (haftungsbeschr\u00e4nkt) verwendet und nicht ver\u00f6ffentlicht, k\u00f6nnen aber an Dritte weitergegeben werden.<\/p><p class=\"p1 translation-block\"><b>Sorgfaltspflichten des Users <br><\/b>Engineering Maps UG (haftungsbeschr\u00e4nkt) wird die ihr nach dem jeweiligen Kenntnisstand zumutbaren Massnahmen treffen, um eine bestmo\u0308gliche Sicherheit der App und des Portals zu gewa\u0308hren. Es ist jedoch unerla\u0308sslich, dass der User seinerseits den fu\u0308r ihn geltenden Sorgfaltspflichten nachkommt, um sich vor Missbra\u0308uchen wirksam schu\u0308tzen zu ko\u0308nnen. Der User verpflichtet sich im Zusammenhang mit der Verwendung der App und des Portals insbesondere:<\/p><p class=\"p1\">\u2022 seinen Benutzernamen und sein Passwort sorgfa\u0308ltig aufzubewahren und nicht an Dritte weiterzugeben.<\/p><p class=\"p1\">\u2022 Engineering Maps UG (haftungsbeschr\u00e4nkt) sofort in Kenntnis zu setzen, wenn eine Drittperson zumindest mo\u0308glicherweise vom Benutzernamen und dem Passwort Kenntnis erlangt hat, damit diese den Zugang sperren kann.<span class=\"Apple-converted -space\">\u00a0<\/span><\/p><p class=\"p1\">\u2022 keine scha\u0308digende Drittsoftware auf dem mobilen Endgera\u0308t zu installieren.<\/p><p class=\"p1\">\u2022 die App nicht auf einem mobilen Endgera\u0308t zu betreiben, dessen Sicherheitskonfiguration zumindest mo\u0308glicherweise manipuliert ist (z.B. durch sogenanntes Jailbreaking).<\/p><p class=\"p1\">\u2022 allfa\u0308llige vom Gera\u0308tehersteller zur Verfu\u0308gung gestellten Updates des auf dem mobilen Endgera\u0308t verwendeten Betriebssystems und die von Engineering Maps UG (haftungsbeschr\u00e4nkt) zur Verfu\u0308gung gestellten Updates der App herunterzuladen und zu installieren, sobald diese verfu\u0308gbar sind.<\/p><p class=\"p1 translation-block\"><b>Elektronische Kommunikation und das Recht, Bedingungen zu a\u0308ndern\n <br><\/b>Eine bestimmte Verfu\u0308gbarkeit der App oder des Portals wird nicht garantiert, insbesondere ko\u0308nnen unvorhersehbare technische Probleme und Wartungsarbeiten zu Ausfallzeiten und Verzo\u0308gerungen fu\u0308hren.<\/p><p class=\"p1\">Engineering Maps UG (haftungsbeschr\u00e4nkt) kann Informationen und Funktionen ohne Angabe von Gru\u0308nden a\u0308ndern. In diesem Fall wird Engineering Maps UG (haftungsbeschr\u00e4nkt) die User u\u0308ber die A\u0308nderungen informieren.<\/p><p class=\"p1\">Die User sind nicht berechtigt, aufgrund einer solchen A\u0308nderung Anspru\u0308che gegen Engineering Maps UG (haftungsbeschr\u00e4nkt) geltend zu machen.<\/p><p class=\"p1\">Wenn Sie das Engineering Maps - Portal nutzen, genehmigen Sie uns mit Ihnen elektronisch zu kommunizieren, entweder per E-Mail, SMS, Push-Nachricht oder durch Mitteilungen in der App. Mit der Annahme dieser Nutzungsbestimmungen akzeptieren Sie, gema\u0308ss den Bedingungen des Datenschutzes, Coupons, Spezialangebote und andere Benachrichtigungen zu erhalten.<\/p><p class=\"p1\">Die App und das Portal dienen Informationszwecken. Die Engineering Maps UG (haftungsbeschr\u00e4nkt) hat das Recht (aber nicht die Pflicht), Kommentare oder Foto-Uploads von Nutzern abzulehnen, zu korrigieren, zu \u00fcberarbeiten, zu \u00fcbersetzen oder zu entfernen sowie Inhalte oder den Zugriff bestimmter Nutzer zu sperren.<\/p><p class=\"p1\">Engineering Maps UG (haftungsbeschr\u00e4nkt) kann und wird nicht garantieren, dass die Identit\u00e4t der Nutzer korrekt ist. Sie erkl\u00e4ren sich damit einverstanden, dass Engineering Maps UG (haftungsbeschr\u00e4nkt) nicht f\u00fcr Verluste oder Sch\u00e4den haftet, die durch das Vertrauen auf Informationen oder Inhalte aus Gespr\u00e4chen entstehen.<\/p><p class=\"p1\">Die App und das Portal ist ein Internet-basierter Dienst, wo bestimmte technische Mittel die Privatspha\u0308re sichern. Inhalte aus Ihren Konversationen, Informationsanfragen, Antworten, Profile, Signaturen, Qualifikationen und Kommentare ko\u0308nnen in einer Eins-zu-eins-Interaktion oder in einer Eins-zu-vielen-Interaktion (Kollektivkommunikation) verbreitet werden. Es ist nicht ganz privat oder vertraulich, es kann gelesen, gesammelt und von anderen benutzt werden. Zum besseren Schutz Ihrer Privatspha\u0308re sollten Sie zuru\u0308ckhaltend sein mit der Offenlegung vertraulicher Informationen oder ihrer Kontaktdaten.<\/p><p class=\"p1 translation-block\"><b>Verbotene Aktivita\u0308ten <br><\/b>Sie besta\u0308tigen, dass Inhalte, die Sie auf der Seite und in Gespra\u0308chen verfassen: (1) nicht betru\u0308gerisch, falsch oder irrefu\u0308hrend sind; (2) nicht die Eigentumsrechte, O\u0308ffentlichkeitsrechte oder die Privatspha\u0308re einer Drittperson verletzen; (3) nicht illegal sind und gegen jegliche internationalen, nationalen, regionalen oder lokalen Gesetze, Vorschriften, Verordnungen oder ethische Grundsa\u0308tze in Ihrem Heimatland oder Deutschland verstossen; (4) nicht im Wettbewerb mit Engineering Maps UG (haftungsbeschr\u00e4nkt) oder der Website stehen; (5) nicht verleumderisch, bedrohlich oder rufmo\u0308rderisch sind; (6); nicht obszo\u0308n sind oder Kinderpornografie, wie auch anderweitiges Material, welches jugendgefa\u0308hrdend ist, beinhalten; (7) nicht ansto\u0308ssig, beleidigend, diskriminierend, bela\u0308stigend, gottesla\u0308sterlich oder rassistisch sind; (8) keine Viren, Trojanische Pferde oder andere Computerprogrammroutinen enthalten, die scha\u0308digen oder sto\u0308ren, keine Systeme, welche Daten oder perso\u0308nliche Informationen enteignen; (9) nicht die technische Sicherheit und die gesetzlichen Bestimmungen der Website umgehen, reproduzieren, angreifen oder gefa\u0308hrden.<\/p><p class=\"p1 translation-block\"><b>Zeitweilige Aussetzung oder Aufhebung des Services <br><\/b>Sie ko\u0308nnen jederzeit nach eigenem Ermessen die Nutzung der App und ihres Accounts beenden, indem Sie eine E-Mail an info@engineering-maps.com senden. Die Aufhebung des Services wird in der Regel wirksam innerhalb von 7 Werktagen nach Erhalt der Ku\u0308ndigung. Zur selben Zeit, wo Sie Ihr Konto geschlossen haben, ist der Zugriff auf Ihr fru\u0308heres Konto eingestellt.<\/p><p class=\"p1\">Zu jeder Zeit, ohne Voranku\u0308ndigung, mit oder ohne Grund, beha\u0308lt sich Engineering Maps UG (haftungsbeschr\u00e4nkt) das Recht vor, einen Teil des Services oder den ganzen Dienst und den User-Account zu verweigern, vera\u0308ndern, beschra\u0308nken, voru\u0308bergehend auszusetzen oder zu beenden.<\/p><p class=\"p1 translation-block\"><b>Eigentumsrechte von Inhalten <br><\/b>Sie erkennen an, dass Engineering Maps UG (haftungsbeschr\u00e4nkt) und ihre Lizenzgeber (inklusive eingebundene Firmen, Partner und Lieferanten) die Eigentumsrechte an der App und des Portals und deren Inhalte haben. Sie sollen nichts a\u0308ndern, kopieren, zuru\u0308ckentwickeln oder versuchen, den Quellcode der App abzuleiten. Sa\u0308mtliche Eigentumsrechte verbleiben bei Engineering Maps UG (haftungsbeschr\u00e4nkt). Diese beha\u0308lt sich sa\u0308mtliche Rechte hinsichtlich aller Elemente auf der App vor.<\/p><p class=\"p1 translation-block\"><b>Informationskontrolle und Speicherung <br><\/b>Sie stimmen zu, dass Engineering Maps UG (haftungsbeschr\u00e4nkt) nicht verantwortlich ist fu\u0308r das Lo\u0308schen von Inhalten und anderen Angaben\/Informationen.<\/p><p class=\"p5\"><span class=\"s1\"><b>Gerichtsstand<br \/><\/b><\/span><i>Art. 32 ZPO (Zivilprozessordnung)<\/i><\/p><p class=\"p1\"><i><sup>1<\/sup>\u00a0Bei Streitigkeiten aus Konsumentenvertr\u00e4gen ist zust\u00e4ndig:<\/i><\/p><p class=\"p6\"><i>a. f\u00fcr Klagen der Konsumentin oder des Konsumenten: das Gericht am Wohnsitz oder Sitz einer der Parteien;<\/i><\/p><p class=\"p6 translation-block\">b. f\u00fcr Klagen der Anbieterin oder des Anbieters: das Gericht am Wohnsitz der beklagten Partei.<\/p><p class=\"p1\"><i><sup>2<\/sup>\u00a0Als Konsumentenvertr\u00e4ge gelten Vertr\u00e4ge \u00fcber Leistungen des \u00fcblichen Verbrauchs, die f\u00fcr die pers\u00f6nlichen oder famili\u00e4ren Bed\u00fcrfnisse der Konsumentin oder des Konsumenten bestimmt sind und von der anderen Partei im Rahmen ihrer beruflichen oder gewerblichen T\u00e4tigkeit angeboten werden. <\/i><\/p><p class=\"p1 translation-block\"><b>Spezielle Bestimmungen f\u00fcr die Benutzung der Engineering Maps - App und Webapplikation von Engineering Maps UG (haftungsbeschr\u00e4nkt) \n<\/b><br>Sie stimmen zu, dass Engineering Maps UG (haftungsbeschr\u00e4nkt) nicht verantwortlich ist f\u00fcr das L\u00f6schen von Inhalten und anderen Angaben\/Informationen.<\/p><p class=\"p2\"><b>Salvatorische Klausel<\/b><\/p><p class=\"p2\">Erweisen sich einzelne Bestimmungen dieses AGB als unwirksam oder ung\u00fcltig, bleibt die Wirksamkeit oder G\u00fcltigkeit der \u00fcbrigen Bestimmungen dadurch unber\u00fchrt. Die ung\u00fcltigen Bestimmungen sind, in rechtlich zul\u00e4ssiger Weise, so auszulegen bzw. zu ersetzen, wie es dem angestrebten wirtschaftlichen Vertragszweck am ehesten entspricht.<\/p><p class=\"p1\">Die Benutzung der App und die durch diese verf\u00fcgbar gemachten Informationen und Funktionen sowie die vorliegenden Nutzungsbedingungen unterstehen deutschem Recht. Ausschliesslicher Gerichtsstand ist Berlin.<\/p><p class=\"p1\">Berlin, September 2023<\/p><\/div>\t\t\t\t\t\t\t\t<\/div>\n\t\t\t\t<\/div>\n\t\t\t\t<\/div>\n\t\t\t\t<\/div>","protected":false},"excerpt":{"rendered":"<p>\u00a0 Contact informationEngineering Maps UG (haftungsbeschr\u00e4nkt)Reichenberger Str. 158, 10999 BerlinE-Mail: info@engineering-maps.com Special provisions for using the web application from Engineering Maps UG (limited liability)These special provisions apply to the Engineering Maps app (hereinafter referred to as &#8220;app&#8221;) and the Engineering Maps web portal (hereinafter referred to as &#8220;portal&#8221;) published by Engineering Maps UG (limited liability). [&hellip;]<\/p>","protected":false},"author":1,"featured_media":0,"parent":0,"menu_order":0,"comment_status":"closed","ping_status":"closed","template":"","meta":{"site-sidebar-layout":"no-sidebar","site-content-layout":"page-builder","ast-site-content-layout":"full-width-container","site-content-style":"default","site-sidebar-style":"default","ast-global-header-display":"","ast-banner-title-visibility":"","ast-main-header-display":"","ast-hfb-above-header-display":"","ast-hfb-below-header-display":"","ast-hfb-mobile-header-display":"","site-post-title":"disabled","ast-breadcrumbs-content":"","ast-featured-img":"disabled","footer-sml-layout":"","theme-transparent-header-meta":"","adv-header-id-meta":"","stick-header-meta":"","header-above-stick-meta":"","header-main-stick-meta":"","header-below-stick-meta":"","astra-migrate-meta-layouts":"set","ast-page-background-enabled":"default","ast-page-background-meta":{"desktop":{"background-color":"","background-image":"","background-repeat":"repeat","background-position":"center center","background-size":"auto","background-attachment":"scroll","background-type":"","background-media":"","overlay-type":"","overlay-color":"","overlay-opacity":"","overlay-gradient":""},"tablet":{"background-color":"","background-image":"","background-repeat":"repeat","background-position":"center center","background-size":"auto","background-attachment":"scroll","background-type":"","background-media":"","overlay-type":"","overlay-color":"","overlay-opacity":"","overlay-gradient":""},"mobile":{"background-color":"","background-image":"","background-repeat":"repeat","background-position":"center center","background-size":"auto","background-attachment":"scroll","background-type":"","background-media":"","overlay-type":"","overlay-color":"","overlay-opacity":"","overlay-gradient":""}},"ast-content-background-meta":{"desktop":{"background-color":"var(--ast-global-color-5)","background-image":"","background-repeat":"repeat","background-position":"center center","background-size":"auto","background-attachment":"scroll","background-type":"","background-media":"","overlay-type":"","overlay-color":"","overlay-opacity":"","overlay-gradient":""},"tablet":{"background-color":"var(--ast-global-color-5)","background-image":"","background-repeat":"repeat","background-position":"center center","background-size":"auto","background-attachment":"scroll","background-type":"","background-media":"","overlay-type":"","overlay-color":"","overlay-opacity":"","overlay-gradient":""},"mobile":{"background-color":"var(--ast-global-color-5)","background-image":"","background-repeat":"repeat","background-position":"center center","background-size":"auto","background-attachment":"scroll","background-type":"","background-media":"","overlay-type":"","overlay-color":"","overlay-opacity":"","overlay-gradient":""}},"footnotes":""},"class_list":["post-815","page","type-page","status-publish","hentry"],"_links":{"self":[{"href":"https:\/\/info.engineering-maps.com\/de\/wp-json\/wp\/v2\/pages\/815","targetHints":{"allow":["GET"]}}],"collection":[{"href":"https:\/\/info.engineering-maps.com\/de\/wp-json\/wp\/v2\/pages"}],"about":[{"href":"https:\/\/info.engineering-maps.com\/de\/wp-json\/wp\/v2\/types\/page"}],"author":[{"embeddable":true,"href":"https:\/\/info.engineering-maps.com\/de\/wp-json\/wp\/v2\/users\/1"}],"replies":[{"embeddable":true,"href":"https:\/\/info.engineering-maps.com\/de\/wp-json\/wp\/v2\/comments?post=815"}],"version-history":[{"count":23,"href":"https:\/\/info.engineering-maps.com\/de\/wp-json\/wp\/v2\/pages\/815\/revisions"}],"predecessor-version":[{"id":1417,"href":"https:\/\/info.engineering-maps.com\/de\/wp-json\/wp\/v2\/pages\/815\/revisions\/1417"}],"wp:attachment":[{"href":"https:\/\/info.engineering-maps.com\/de\/wp-json\/wp\/v2\/media?parent=815"}],"curies":[{"name":"wp","href":"https:\/\/api.w.org\/{rel}","templated":true}]}}